{"id":2,"date":"2013-03-14T12:21:34","date_gmt":"2013-03-14T11:21:34","guid":{"rendered":"http:\/\/www.animalwalk.eu\/de\/?page_id=2"},"modified":"2018-03-22T09:23:08","modified_gmt":"2018-03-22T08:23:08","slug":"pagina-di-esempio","status":"publish","type":"page","link":"https:\/\/www.animalwalk.eu\/de\/","title":{"rendered":"&raquo; Start"},"content":{"rendered":"<h1>Wanderungen mit Lama und Alpaka &#8211; Animal Walking<\/h1>\n<p><img loading=\"lazy\" decoding=\"async\" class=\"size-full wp-image-21 alignleft\" alt=\"inge-e-i-lama-e-alpaka-monferrato\" src=\"https:\/\/www.animalwalk.eu\/de\/wp-content\/uploads\/2013\/03\/inge-e-i-lama-e-alpaka-monferrato.jpg\" width=\"250\" height=\"333\" srcset=\"https:\/\/www.animalwalk.eu\/de\/wp-content\/uploads\/2013\/03\/inge-e-i-lama-e-alpaka-monferrato.jpg 250w, https:\/\/www.animalwalk.eu\/de\/wp-content\/uploads\/2013\/03\/inge-e-i-lama-e-alpaka-monferrato-225x300.jpg 225w\" sizes=\"auto, (max-width: 250px) 100vw, 250px\" \/>Wir leben 5 km von Acqui Terme entfernt, im klassischen Weinland des Monferrato. So weit das Auge reicht gibt es H\u00fcgel und Weinberge, die zum Wandern einladen.<br \/>\nGenie\u00dfen Sie die einmalige Ruhe und die Begegnung mit unseren Tieren in der herrlichen Natur.<\/p>\n<p>Die Begegnung mit einem Tier ber\u00fchrt den inneren Wesenskern von uns Menschen und bringt uns in Erinnerung, dass wir Teil einer universellen Ordnung sind.<br \/>\nTiere leben immer im Hier und Jetzt und bieten f\u00fcr uns Menschen dadurch die M\u00f6glichkeit &#8211;\u00a0 zumindest f\u00fcr kurze Zeit \u2013 nur in der Gegenwart zu leben und die Empfindungen und Intentionen auszuleben, die gerade aktuell sind. Tiere nehmen keine kulturellen Bewertungen vor und haben keine Vorurteile. Sie stellen aber Instinkt gesteuerte Bedingungen an uns Menschen, die Respekt und Wertsch\u00e4tzung f\u00fcr das Tier beinhalten und f\u00fcr uns selbst neue Entwicklungsprozesse ansto\u00dfen k\u00f6nnen. Ihre Art zu kommunizieren ist stets echt, ehrlich und rein situationsbezogen.<br \/>\nDer feine Sinn f\u00fcr Schein und Sein ihres Gegen\u00fcbers ist eine Gabe der Tiere, die sie f\u00fcr uns Menschen zu\u00a0 wertvollen Partnern in der Lebensschule macht.<strong><\/strong><br \/>\n<img loading=\"lazy\" decoding=\"async\" class=\"size-full wp-image-458 alignright\" src=\"https:\/\/www.animalwalk.eu\/wp-content\/uploads\/2018\/03\/lama-animalwalk-passeggiate-con-lama.png\" alt=\"passeggiate coi lama vicino Acqui Terme\" width=\"190\" height=\"221\"><\/p>\n<p>&nbsp;<\/p>\n<h3>Inge Lackerbeck, Jahrgang 1959<\/h3>\n<ul>\n<li>1983 Erzieherin<\/li>\n<li>2006 Fachwirtin f\u00fcr Sozial- und Gesundheitswesen<\/li>\n<li>2012 Bildungswissenschaftlerin B.A. Fernuniversit\u00e4t Hagen<\/li>\n<li>2012 P\u00e4dagogische Zusatzqualifikation Tiergest\u00fctzte Intervention<\/li>\n<\/ul>\n<p>Vor 10 Jahren habe ich mich auf den Weg gemacht mein Potential zu entfalten. Es geht mir darum, bisher ungelebten Aspekten meines Lebens Raum zu geben und neue M\u00f6glichkeiten f\u00fcr Ver\u00e4nderungen zu entdecken, die es zu gestalten und zu verwirklichen gilt.<\/p>\n","protected":false},"excerpt":{"rendered":"<p>Wanderungen mit Lama und Alpaka &#8211; Animal Walking Wir leben 5 km von Acqui Terme entfernt, im klassischen Weinland des Monferrato. So weit das Auge reicht gibt es H\u00fcgel und Weinberge, die zum Wandern einladen. Genie\u00dfen Sie die einmalige Ruhe und die Begegnung mit unseren Tieren in der herrlichen Natur. Die Begegnung mit einem Tier [&hellip;]<\/p>\n","protected":false},"author":2,"featured_media":0,"parent":0,"menu_order":0,"comment_status":"open","ping_status":"closed","template":"","meta":{"footnotes":""},"class_list":["post-2","page","type-page","status-publish","hentry"],"yoast_head":"<!-- This site is optimized with the Yoast SEO plugin v26.6 - https:\/\/yoast.com\/wordpress\/plugins\/seo\/ -->\n<title>Lama und Alpaka: Tiere Begleiten Menschen im Piemont<\/title>\n<meta name=\"description\" content=\"Wir leben 5 km von Acqui Terme entfernt, im klassischen Weinland des Monferrato. So weit das Auge reicht gibt es H\u00fcgel und Weinberge, die zum Wandern einladen.\" \/>\n<meta name=\"robots\" content=\"index, follow, max-snippet:-1, max-image-preview:large, max-video-preview:-1\" \/>\n<link rel=\"canonical\" href=\"https:\/\/www.animalwalk.eu\/de\/\" \/>\n<meta property=\"og:locale\" content=\"de_DE\" \/>\n<meta property=\"og:type\" content=\"article\" \/>\n<meta property=\"og:title\" content=\"Lama und Alpaka: Tiere Begleiten Menschen im Piemont\" \/>\n<meta property=\"og:description\" content=\"Wir leben 5 km von Acqui Terme entfernt, im klassischen Weinland des Monferrato. So weit das Auge reicht gibt es H\u00fcgel und Weinberge, die zum Wandern einladen.\" \/>\n<meta property=\"og:url\" content=\"https:\/\/www.animalwalk.eu\/de\/\" \/>\n<meta property=\"og:site_name\" content=\"ASD Animal Walk\" \/>\n<meta property=\"article:modified_time\" content=\"2018-03-22T08:23:08+00:00\" \/>\n<meta property=\"og:image\" content=\"https:\/\/www.animalwalk.eu\/de\/wp-content\/uploads\/2013\/03\/inge-e-i-lama-e-alpaka-monferrato.jpg\" \/>\n<meta name=\"twitter:card\" content=\"summary_large_image\" \/>\n<meta name=\"twitter:label1\" content=\"Gesch\u00e4tzte Lesezeit\" \/>\n\t<meta name=\"twitter:data1\" content=\"1\u00a0Minute\" \/>\n<script type=\"application\/ld+json\" class=\"yoast-schema-graph\">{\"@context\":\"https:\/\/schema.org\",\"@graph\":[{\"@type\":\"WebPage\",\"@id\":\"https:\/\/www.animalwalk.eu\/de\/\",\"url\":\"https:\/\/www.animalwalk.eu\/de\/\",\"name\":\"Lama und Alpaka: Tiere Begleiten Menschen im Piemont\",\"isPartOf\":{\"@id\":\"https:\/\/www.animalwalk.eu\/de\/#website\"},\"primaryImageOfPage\":{\"@id\":\"https:\/\/www.animalwalk.eu\/de\/#primaryimage\"},\"image\":{\"@id\":\"https:\/\/www.animalwalk.eu\/de\/#primaryimage\"},\"thumbnailUrl\":\"https:\/\/www.animalwalk.eu\/de\/wp-content\/uploads\/2013\/03\/inge-e-i-lama-e-alpaka-monferrato.jpg\",\"datePublished\":\"2013-03-14T11:21:34+00:00\",\"dateModified\":\"2018-03-22T08:23:08+00:00\",\"description\":\"Wir leben 5 km von Acqui Terme entfernt, im klassischen Weinland des Monferrato. So weit das Auge reicht gibt es H\u00fcgel und Weinberge, die zum Wandern einladen.\",\"breadcrumb\":{\"@id\":\"https:\/\/www.animalwalk.eu\/de\/#breadcrumb\"},\"inLanguage\":\"de\",\"potentialAction\":[{\"@type\":\"ReadAction\",\"target\":[\"https:\/\/www.animalwalk.eu\/de\/\"]}]},{\"@type\":\"ImageObject\",\"inLanguage\":\"de\",\"@id\":\"https:\/\/www.animalwalk.eu\/de\/#primaryimage\",\"url\":\"https:\/\/www.animalwalk.eu\/de\/wp-content\/uploads\/2013\/03\/inge-e-i-lama-e-alpaka-monferrato.jpg\",\"contentUrl\":\"https:\/\/www.animalwalk.eu\/de\/wp-content\/uploads\/2013\/03\/inge-e-i-lama-e-alpaka-monferrato.jpg\",\"width\":250,\"height\":333},{\"@type\":\"BreadcrumbList\",\"@id\":\"https:\/\/www.animalwalk.eu\/de\/#breadcrumb\",\"itemListElement\":[{\"@type\":\"ListItem\",\"position\":1,\"name\":\"Startseite\",\"item\":\"https:\/\/www.animalwalk.eu\/de\/\"},{\"@type\":\"ListItem\",\"position\":2,\"name\":\"&raquo; Start\"}]},{\"@type\":\"WebSite\",\"@id\":\"https:\/\/www.animalwalk.eu\/de\/#website\",\"url\":\"https:\/\/www.animalwalk.eu\/de\/\",\"name\":\"ASD Animal Walk\",\"description\":\"\",\"potentialAction\":[{\"@type\":\"SearchAction\",\"target\":{\"@type\":\"EntryPoint\",\"urlTemplate\":\"https:\/\/www.animalwalk.eu\/de\/?s={search_term_string}\"},\"query-input\":{\"@type\":\"PropertyValueSpecification\",\"valueRequired\":true,\"valueName\":\"search_term_string\"}}],\"inLanguage\":\"de\"}]}<\/script>\n<!-- \/ Yoast SEO plugin. -->","yoast_head_json":{"title":"Lama und Alpaka: Tiere Begleiten Menschen im Piemont","description":"Wir leben 5 km von Acqui Terme entfernt, im klassischen Weinland des Monferrato. So weit das Auge reicht gibt es H\u00fcgel und Weinberge, die zum Wandern einladen.","robots":{"index":"index","follow":"follow","max-snippet":"max-snippet:-1","max-image-preview":"max-image-preview:large","max-video-preview":"max-video-preview:-1"},"canonical":"https:\/\/www.animalwalk.eu\/de\/","og_locale":"de_DE","og_type":"article","og_title":"Lama und Alpaka: Tiere Begleiten Menschen im Piemont","og_description":"Wir leben 5 km von Acqui Terme entfernt, im klassischen Weinland des Monferrato. So weit das Auge reicht gibt es H\u00fcgel und Weinberge, die zum Wandern einladen.","og_url":"https:\/\/www.animalwalk.eu\/de\/","og_site_name":"ASD Animal Walk","article_modified_time":"2018-03-22T08:23:08+00:00","og_image":[{"url":"https:\/\/www.animalwalk.eu\/de\/wp-content\/uploads\/2013\/03\/inge-e-i-lama-e-alpaka-monferrato.jpg","type":"","width":"","height":""}],"twitter_card":"summary_large_image","twitter_misc":{"Gesch\u00e4tzte Lesezeit":"1\u00a0Minute"},"schema":{"@context":"https:\/\/schema.org","@graph":[{"@type":"WebPage","@id":"https:\/\/www.animalwalk.eu\/de\/","url":"https:\/\/www.animalwalk.eu\/de\/","name":"Lama und Alpaka: Tiere Begleiten Menschen im Piemont","isPartOf":{"@id":"https:\/\/www.animalwalk.eu\/de\/#website"},"primaryImageOfPage":{"@id":"https:\/\/www.animalwalk.eu\/de\/#primaryimage"},"image":{"@id":"https:\/\/www.animalwalk.eu\/de\/#primaryimage"},"thumbnailUrl":"https:\/\/www.animalwalk.eu\/de\/wp-content\/uploads\/2013\/03\/inge-e-i-lama-e-alpaka-monferrato.jpg","datePublished":"2013-03-14T11:21:34+00:00","dateModified":"2018-03-22T08:23:08+00:00","description":"Wir leben 5 km von Acqui Terme entfernt, im klassischen Weinland des Monferrato. So weit das Auge reicht gibt es H\u00fcgel und Weinberge, die zum Wandern einladen.","breadcrumb":{"@id":"https:\/\/www.animalwalk.eu\/de\/#breadcrumb"},"inLanguage":"de","potentialAction":[{"@type":"ReadAction","target":["https:\/\/www.animalwalk.eu\/de\/"]}]},{"@type":"ImageObject","inLanguage":"de","@id":"https:\/\/www.animalwalk.eu\/de\/#primaryimage","url":"https:\/\/www.animalwalk.eu\/de\/wp-content\/uploads\/2013\/03\/inge-e-i-lama-e-alpaka-monferrato.jpg","contentUrl":"https:\/\/www.animalwalk.eu\/de\/wp-content\/uploads\/2013\/03\/inge-e-i-lama-e-alpaka-monferrato.jpg","width":250,"height":333},{"@type":"BreadcrumbList","@id":"https:\/\/www.animalwalk.eu\/de\/#breadcrumb","itemListElement":[{"@type":"ListItem","position":1,"name":"Startseite","item":"https:\/\/www.animalwalk.eu\/de\/"},{"@type":"ListItem","position":2,"name":"&raquo; Start"}]},{"@type":"WebSite","@id":"https:\/\/www.animalwalk.eu\/de\/#website","url":"https:\/\/www.animalwalk.eu\/de\/","name":"ASD Animal Walk","description":"","potentialAction":[{"@type":"SearchAction","target":{"@type":"EntryPoint","urlTemplate":"https:\/\/www.animalwalk.eu\/de\/?s={search_term_string}"},"query-input":{"@type":"PropertyValueSpecification","valueRequired":true,"valueName":"search_term_string"}}],"inLanguage":"de"}]}},"_links":{"self":[{"href":"https:\/\/www.animalwalk.eu\/de\/wp-json\/wp\/v2\/pages\/2","targetHints":{"allow":["GET"]}}],"collection":[{"href":"https:\/\/www.animalwalk.eu\/de\/wp-json\/wp\/v2\/pages"}],"about":[{"href":"https:\/\/www.animalwalk.eu\/de\/wp-json\/wp\/v2\/types\/page"}],"author":[{"embeddable":true,"href":"https:\/\/www.animalwalk.eu\/de\/wp-json\/wp\/v2\/users\/2"}],"replies":[{"embeddable":true,"href":"https:\/\/www.animalwalk.eu\/de\/wp-json\/wp\/v2\/comments?post=2"}],"version-history":[{"count":19,"href":"https:\/\/www.animalwalk.eu\/de\/wp-json\/wp\/v2\/pages\/2\/revisions"}],"predecessor-version":[{"id":381,"href":"https:\/\/www.animalwalk.eu\/de\/wp-json\/wp\/v2\/pages\/2\/revisions\/381"}],"wp:attachment":[{"href":"https:\/\/www.animalwalk.eu\/de\/wp-json\/wp\/v2\/media?parent=2"}],"curies":[{"name":"wp","href":"https:\/\/api.w.org\/{rel}","templated":true}]}}