{"id":6,"date":"2013-03-14T14:43:56","date_gmt":"2013-03-14T13:43:56","guid":{"rendered":"http:\/\/www.animalwalk.eu\/de\/?page_id=6"},"modified":"2018-03-24T01:35:54","modified_gmt":"2018-03-24T00:35:54","slug":"angebot-1","status":"publish","type":"page","link":"https:\/\/www.animalwalk.eu\/de\/angebot-1\/","title":{"rendered":"&raquo; Angebot"},"content":{"rendered":"<h1>WANDERUNGEN mit LAMA und ALPAKA &#8211; Animal Walk<\/h1>\n<h2>Entspannung und Freude durch Bewegung und Rhythmus<\/h2>\n<p>Die Ursprungsl\u00e4nder von Lama und Alpaka liegen in S\u00fcdamerika.<\/p>\n<p>Vor ca. 5000 Jahren wurden sie vom Menschen domestiziert. Das Alpaka wird wegen seiner wertvollen Wolle und das Lama wegen seiner F\u00e4higkeit Lasten zu tragen (ca. 20 kg) gesch\u00e4tzt.<\/p>\n<p>Lama und Alpaka haben wundersch\u00f6ne Augen, sind sehr intelligent und werden von den meisten Menschen als interessant empfunden. Sie strahlen Ruhe und Selbstbewusstsein aus und eignen sich deshalb sehr gut als Wander Begleiter.<\/p>\n<p><img loading=\"lazy\" decoding=\"async\" class=\"aligncenter size-full wp-image-469\" src=\"https:\/\/www.animalwalk.eu\/wp-content\/uploads\/2018\/03\/camminate-con-lama-alpaca-colline-monferrato-bambini.jpg\" alt=\"camminate-con-lama-alpaca-colline-monferrato-bambini\" width=\"500\" height=\"299\" \/><\/p>\n<h3>Warum wandern mit Lama und Alpaka?<\/h3>\n<p>Die Umgebung von Acqui Terme bietet das\u00a0 klassische Weinland des Monferrato &#8211; H\u00fcgel und Weinberge so weit das Auge reicht. So besteht die M\u00f6glichkeit Ruhe zu finden und Stille zu erleben.<br \/>\nDies wird unterst\u00fctzt durch den gleichm\u00e4\u00dfigen und ruhigen Passrhythmus des Lama und Alpaka Ganges. Die Natur der Tiere leitet uns an, uns zu bewegen und immer wieder inne zu halten, um Natur und Landschaft auf einzigartige Weise zu erleben und zu genie\u00dfen.<br \/>\nVor der Wanderung erh\u00e4lt\u00a0 jede\/r Teilnehmer\/in eine ausf\u00fchrliche Anleitung \u00fcber den Umgang und die F\u00fchrung von Lama und Alpaka.<\/p>\n<h4>Unsere Angebote von AnimalWalk<\/h4>\n<ul>\n<li>Wanderungen mit Lama und Alpaka durch die H\u00fcgel des Alto Monferrato<\/li>\n<li>Wir bieten ganzj\u00e4hrig Wanderungen in dem Gebiet zwischen Acqui Terme und Melazzo an.<\/li>\n<\/ul>\n<p><img loading=\"lazy\" decoding=\"async\" class=\"wp-image-466 aligncenter\" src=\"https:\/\/www.animalwalk.eu\/wp-content\/uploads\/2018\/03\/camminate-con-lama-monferrato-bambini.jpg\" alt=\"cammina con lama ed aplaca\" width=\"500\" height=\"411\" \/><\/p>\n<ul>\n<li>F\u00fcr Schulklassen bieten wir Projekttage nach Wunsch und pers\u00f6nlicher Absprache an.<\/li>\n<li>F\u00fcr Kinderfreizeiten in den Sommerferien arbeiten wir mit diversen Organisatoren zusammen.<\/li>\n<li>Gerne organisieren wir auf unserem Gel\u00e4nde Geburtstagsfeiern f\u00fcr Kinder<\/li>\n<li>Filzkurse f\u00fcr Kinder und Erwachsene<\/li>\n<li>Als \u00dcberraschungsg\u00e4ste kommen wir auch gerne zu Ihnen und Ihren Festen und Veranstaltungen<\/li>\n<\/ul>\n<p><img loading=\"lazy\" decoding=\"async\" class=\"aligncenter size-full wp-image-471\" src=\"https:\/\/www.animalwalk.eu\/wp-content\/uploads\/2018\/03\/festa-compleanno-con-lama-alpaca-monferrato-acqui-terme.jpg\" alt=\"festa di compleanno con lama e alpaca Acqui Terme\" width=\"500\" height=\"333\" \/><\/p>\n<p style=\"text-align: center;\"><strong><a href=\"https:\/\/www.animalwalk.eu\/wp-content\/uploads\/2018\/03\/camminate-con-lama-monferrato-offerte-acqui-melazzo.pdf\" target=\"_blank\" rel=\"noopener\">Scarica la locandina di AnimalWalk con tutte le offerte<\/a><\/strong><\/p>\n<p>&nbsp;<\/p>\n<p><strong>Wir bitten Sie, sich vorher telefonisch bei uns anzumelden unter der Tel. Nr. Inge \u00a0 338 37 29 076<\/strong><\/p>\n","protected":false},"excerpt":{"rendered":"<p>WANDERUNGEN mit LAMA und ALPAKA &#8211; Animal Walk Entspannung und Freude durch Bewegung und Rhythmus Die Ursprungsl\u00e4nder von Lama und Alpaka liegen in S\u00fcdamerika. Vor ca. 5000 Jahren wurden sie vom Menschen domestiziert. Das Alpaka wird wegen seiner wertvollen Wolle und das Lama wegen seiner F\u00e4higkeit Lasten zu tragen (ca. 20 kg) gesch\u00e4tzt. Lama und [&hellip;]<\/p>\n","protected":false},"author":2,"featured_media":0,"parent":0,"menu_order":1,"comment_status":"open","ping_status":"closed","template":"","meta":{"footnotes":""},"class_list":["post-6","page","type-page","status-publish","hentry"],"yoast_head":"<!-- This site is optimized with the Yoast SEO plugin v26.6 - https:\/\/yoast.com\/wordpress\/plugins\/seo\/ -->\n<title>Wanderungen mit Lama und Alpaka: Entspannung und Freude durch Bewegung und Rhythmus<\/title>\n<meta name=\"description\" content=\"Vor ca. 5000 Jahren wurden sie vom Menschen domestiziert. Das Alpaka wird wegen seiner wertvollen Wolle und das Lama wegen seiner F\u00e4higkeit Lasten zu tragen (ca. 20 kg) gesch\u00e4tzt.\" \/>\n<meta name=\"robots\" content=\"index, follow, max-snippet:-1, max-image-preview:large, max-video-preview:-1\" \/>\n<link rel=\"canonical\" href=\"https:\/\/www.animalwalk.eu\/de\/angebot-1\/\" \/>\n<meta property=\"og:locale\" content=\"de_DE\" \/>\n<meta property=\"og:type\" content=\"article\" \/>\n<meta property=\"og:title\" content=\"Wanderungen mit Lama und Alpaka: Entspannung und Freude durch Bewegung und Rhythmus\" \/>\n<meta property=\"og:description\" content=\"Vor ca. 5000 Jahren wurden sie vom Menschen domestiziert. Das Alpaka wird wegen seiner wertvollen Wolle und das Lama wegen seiner F\u00e4higkeit Lasten zu tragen (ca. 20 kg) gesch\u00e4tzt.\" \/>\n<meta property=\"og:url\" content=\"https:\/\/www.animalwalk.eu\/de\/angebot-1\/\" \/>\n<meta property=\"og:site_name\" content=\"ASD Animal Walk\" \/>\n<meta property=\"article:modified_time\" content=\"2018-03-24T00:35:54+00:00\" \/>\n<meta property=\"og:image\" content=\"https:\/\/www.animalwalk.eu\/wp-content\/uploads\/2018\/03\/camminate-con-lama-alpaca-colline-monferrato-bambini.jpg\" \/>\n<meta name=\"twitter:card\" content=\"summary_large_image\" \/>\n<meta name=\"twitter:label1\" content=\"Gesch\u00e4tzte Lesezeit\" \/>\n\t<meta name=\"twitter:data1\" content=\"2\u00a0Minuten\" \/>\n<script type=\"application\/ld+json\" class=\"yoast-schema-graph\">{\"@context\":\"https:\/\/schema.org\",\"@graph\":[{\"@type\":\"WebPage\",\"@id\":\"https:\/\/www.animalwalk.eu\/de\/angebot-1\/\",\"url\":\"https:\/\/www.animalwalk.eu\/de\/angebot-1\/\",\"name\":\"Wanderungen mit Lama und Alpaka: Entspannung und Freude durch Bewegung und Rhythmus\",\"isPartOf\":{\"@id\":\"https:\/\/www.animalwalk.eu\/de\/#website\"},\"primaryImageOfPage\":{\"@id\":\"https:\/\/www.animalwalk.eu\/de\/angebot-1\/#primaryimage\"},\"image\":{\"@id\":\"https:\/\/www.animalwalk.eu\/de\/angebot-1\/#primaryimage\"},\"thumbnailUrl\":\"https:\/\/www.animalwalk.eu\/wp-content\/uploads\/2018\/03\/camminate-con-lama-alpaca-colline-monferrato-bambini.jpg\",\"datePublished\":\"2013-03-14T13:43:56+00:00\",\"dateModified\":\"2018-03-24T00:35:54+00:00\",\"description\":\"Vor ca. 5000 Jahren wurden sie vom Menschen domestiziert. Das Alpaka wird wegen seiner wertvollen Wolle und das Lama wegen seiner F\u00e4higkeit Lasten zu tragen (ca. 20 kg) gesch\u00e4tzt.\",\"breadcrumb\":{\"@id\":\"https:\/\/www.animalwalk.eu\/de\/angebot-1\/#breadcrumb\"},\"inLanguage\":\"de\",\"potentialAction\":[{\"@type\":\"ReadAction\",\"target\":[\"https:\/\/www.animalwalk.eu\/de\/angebot-1\/\"]}]},{\"@type\":\"ImageObject\",\"inLanguage\":\"de\",\"@id\":\"https:\/\/www.animalwalk.eu\/de\/angebot-1\/#primaryimage\",\"url\":\"https:\/\/www.animalwalk.eu\/wp-content\/uploads\/2018\/03\/camminate-con-lama-alpaca-colline-monferrato-bambini.jpg\",\"contentUrl\":\"https:\/\/www.animalwalk.eu\/wp-content\/uploads\/2018\/03\/camminate-con-lama-alpaca-colline-monferrato-bambini.jpg\"},{\"@type\":\"BreadcrumbList\",\"@id\":\"https:\/\/www.animalwalk.eu\/de\/angebot-1\/#breadcrumb\",\"itemListElement\":[{\"@type\":\"ListItem\",\"position\":1,\"name\":\"Startseite\",\"item\":\"https:\/\/www.animalwalk.eu\/de\/\"},{\"@type\":\"ListItem\",\"position\":2,\"name\":\"&raquo; Angebot\"}]},{\"@type\":\"WebSite\",\"@id\":\"https:\/\/www.animalwalk.eu\/de\/#website\",\"url\":\"https:\/\/www.animalwalk.eu\/de\/\",\"name\":\"ASD Animal Walk\",\"description\":\"\",\"potentialAction\":[{\"@type\":\"SearchAction\",\"target\":{\"@type\":\"EntryPoint\",\"urlTemplate\":\"https:\/\/www.animalwalk.eu\/de\/?s={search_term_string}\"},\"query-input\":{\"@type\":\"PropertyValueSpecification\",\"valueRequired\":true,\"valueName\":\"search_term_string\"}}],\"inLanguage\":\"de\"}]}<\/script>\n<!-- \/ Yoast SEO plugin. -->","yoast_head_json":{"title":"Wanderungen mit Lama und Alpaka: Entspannung und Freude durch Bewegung und Rhythmus","description":"Vor ca. 5000 Jahren wurden sie vom Menschen domestiziert. Das Alpaka wird wegen seiner wertvollen Wolle und das Lama wegen seiner F\u00e4higkeit Lasten zu tragen (ca. 20 kg) gesch\u00e4tzt.","robots":{"index":"index","follow":"follow","max-snippet":"max-snippet:-1","max-image-preview":"max-image-preview:large","max-video-preview":"max-video-preview:-1"},"canonical":"https:\/\/www.animalwalk.eu\/de\/angebot-1\/","og_locale":"de_DE","og_type":"article","og_title":"Wanderungen mit Lama und Alpaka: Entspannung und Freude durch Bewegung und Rhythmus","og_description":"Vor ca. 5000 Jahren wurden sie vom Menschen domestiziert. Das Alpaka wird wegen seiner wertvollen Wolle und das Lama wegen seiner F\u00e4higkeit Lasten zu tragen (ca. 20 kg) gesch\u00e4tzt.","og_url":"https:\/\/www.animalwalk.eu\/de\/angebot-1\/","og_site_name":"ASD Animal Walk","article_modified_time":"2018-03-24T00:35:54+00:00","og_image":[{"url":"https:\/\/www.animalwalk.eu\/wp-content\/uploads\/2018\/03\/camminate-con-lama-alpaca-colline-monferrato-bambini.jpg","type":"","width":"","height":""}],"twitter_card":"summary_large_image","twitter_misc":{"Gesch\u00e4tzte Lesezeit":"2\u00a0Minuten"},"schema":{"@context":"https:\/\/schema.org","@graph":[{"@type":"WebPage","@id":"https:\/\/www.animalwalk.eu\/de\/angebot-1\/","url":"https:\/\/www.animalwalk.eu\/de\/angebot-1\/","name":"Wanderungen mit Lama und Alpaka: Entspannung und Freude durch Bewegung und Rhythmus","isPartOf":{"@id":"https:\/\/www.animalwalk.eu\/de\/#website"},"primaryImageOfPage":{"@id":"https:\/\/www.animalwalk.eu\/de\/angebot-1\/#primaryimage"},"image":{"@id":"https:\/\/www.animalwalk.eu\/de\/angebot-1\/#primaryimage"},"thumbnailUrl":"https:\/\/www.animalwalk.eu\/wp-content\/uploads\/2018\/03\/camminate-con-lama-alpaca-colline-monferrato-bambini.jpg","datePublished":"2013-03-14T13:43:56+00:00","dateModified":"2018-03-24T00:35:54+00:00","description":"Vor ca. 5000 Jahren wurden sie vom Menschen domestiziert. Das Alpaka wird wegen seiner wertvollen Wolle und das Lama wegen seiner F\u00e4higkeit Lasten zu tragen (ca. 20 kg) gesch\u00e4tzt.","breadcrumb":{"@id":"https:\/\/www.animalwalk.eu\/de\/angebot-1\/#breadcrumb"},"inLanguage":"de","potentialAction":[{"@type":"ReadAction","target":["https:\/\/www.animalwalk.eu\/de\/angebot-1\/"]}]},{"@type":"ImageObject","inLanguage":"de","@id":"https:\/\/www.animalwalk.eu\/de\/angebot-1\/#primaryimage","url":"https:\/\/www.animalwalk.eu\/wp-content\/uploads\/2018\/03\/camminate-con-lama-alpaca-colline-monferrato-bambini.jpg","contentUrl":"https:\/\/www.animalwalk.eu\/wp-content\/uploads\/2018\/03\/camminate-con-lama-alpaca-colline-monferrato-bambini.jpg"},{"@type":"BreadcrumbList","@id":"https:\/\/www.animalwalk.eu\/de\/angebot-1\/#breadcrumb","itemListElement":[{"@type":"ListItem","position":1,"name":"Startseite","item":"https:\/\/www.animalwalk.eu\/de\/"},{"@type":"ListItem","position":2,"name":"&raquo; Angebot"}]},{"@type":"WebSite","@id":"https:\/\/www.animalwalk.eu\/de\/#website","url":"https:\/\/www.animalwalk.eu\/de\/","name":"ASD Animal Walk","description":"","potentialAction":[{"@type":"SearchAction","target":{"@type":"EntryPoint","urlTemplate":"https:\/\/www.animalwalk.eu\/de\/?s={search_term_string}"},"query-input":{"@type":"PropertyValueSpecification","valueRequired":true,"valueName":"search_term_string"}}],"inLanguage":"de"}]}},"_links":{"self":[{"href":"https:\/\/www.animalwalk.eu\/de\/wp-json\/wp\/v2\/pages\/6","targetHints":{"allow":["GET"]}}],"collection":[{"href":"https:\/\/www.animalwalk.eu\/de\/wp-json\/wp\/v2\/pages"}],"about":[{"href":"https:\/\/www.animalwalk.eu\/de\/wp-json\/wp\/v2\/types\/page"}],"author":[{"embeddable":true,"href":"https:\/\/www.animalwalk.eu\/de\/wp-json\/wp\/v2\/users\/2"}],"replies":[{"embeddable":true,"href":"https:\/\/www.animalwalk.eu\/de\/wp-json\/wp\/v2\/comments?post=6"}],"version-history":[{"count":45,"href":"https:\/\/www.animalwalk.eu\/de\/wp-json\/wp\/v2\/pages\/6\/revisions"}],"predecessor-version":[{"id":388,"href":"https:\/\/www.animalwalk.eu\/de\/wp-json\/wp\/v2\/pages\/6\/revisions\/388"}],"wp:attachment":[{"href":"https:\/\/www.animalwalk.eu\/de\/wp-json\/wp\/v2\/media?parent=6"}],"curies":[{"name":"wp","href":"https:\/\/api.w.org\/{rel}","templated":true}]}}