{"id":7,"date":"2013-03-14T14:43:54","date_gmt":"2013-03-14T13:43:54","guid":{"rendered":"http:\/\/www.animalwalk.eu\/de\/?page_id=7"},"modified":"2018-03-22T09:31:24","modified_gmt":"2018-03-22T08:31:24","slug":"themenwanderung","status":"publish","type":"page","link":"https:\/\/www.animalwalk.eu\/de\/themenwanderung\/","title":{"rendered":"&raquo; Themenwanderung"},"content":{"rendered":"<h1>Themenwanderungen<\/h1>\n<h2>Die Aspekte<\/h2>\n<p>Gehen ist die uns verliehene authentischte Art der Bewegung, ein Ausdruck unsere Lebens und eine M\u00f6glichkeit, Erfahrungen mit Orten der Erde und den Wundern der Natur zu machen.<br \/>\nDurch das Gehen k\u00f6nnen wir, in tiefer Verbindung mit allem, was uns umgibt, unser Leben und unseren Platz im Gro\u00dfen Ganzen mit andere Augen anschauen.<br \/>\nDabei unterst\u00fctzt uns auch die Praxis der Geh-Meditation. Durch achtsames Gehen zentrieren wir uns, indem wir unseren Atem benutzen und unsere Aufmerksamkeit anfangs auf den Kontakt unserer F\u00fc\u00dfe mit der Erde fokussieren. Sp\u00e4ter versuchen wir, unseren Rhythmus mit dem Geh-Rythmus des Lamas oder Alpakas zu verbinden. Gehen und atmen im Rhythmus unterst\u00fctzt unsere k\u00f6rperliche, mentale und psychisches Gesundheit.<\/p>\n<p><img loading=\"lazy\" decoding=\"async\" src=\"https:\/\/www.animalwalk.eu\/wp-content\/uploads\/2018\/03\/camminate-con-lama-alpaca-acqui-terme-bambini-ragazzi.jpg\" alt=\"Camminate con lama e alpaca, bambini e ragazzi Acqui terme, colline Monferrato\" width=\"500\" height=\"375\" class=\"aligncenter size-full wp-image-482\" \/><\/p>\n<p>&nbsp;<\/p>\n<h5>Weitere Themenwanderungen in diesem Sommer<\/h5>\n<ul>\n<li><strong>Lama e Yoga!<\/strong><\/li>\n<li><strong>4 \u2013 Elemente Wanderung<\/strong> mit Lama und Alpaka<\/li>\n<li><strong>Passeggiate verdi<\/strong> (Kr\u00e4uterwanderungen)<\/li>\n<li><strong>Mit der Erde gehen<\/strong> \u2013 in Begleitung von Lama und Alpaka<\/li>\n<li><strong>in der Quadratur der Tiere<\/strong> (Lama, Alpaka, Pferd, Hund)<\/li>\n<li><strong>Natur als Nahrung und Heilmittel<\/strong> \u2013 mit Lama und Alpaka dem Honig auf der Spur<\/li>\n<li><strong>mit Lama und Alpaka zur Weinprobe<\/strong><\/li>\n<li><strong>Natural uploading<\/strong>: meine innere und \u00e4u\u00dfere Kraft aufladen und st\u00e4rken.<\/li>\n<li><strong>F\u00fcr alle meine Ahnen<\/strong> (November Wanderung)<\/li>\n<\/ul>\n<p>&nbsp;<\/p>\n<p><span style=\"color: #008000; font-style: italic;\">Earthwalks \u2013 mit der Erde gehen<\/span><br \/>\nGehen ist die uns verliehene authentischste Art der Bewegung, ein Ausdruck unseres Lebens und eine M\u00f6glichkeit, Erfahrungen mit Orten der Erde und den Wundern der Natur zu machen. Durch das Gehen k\u00f6nnen wir, in tiefer Verbindung mit allem, was uns umgibt, unser Leben und unseren Platz im Gro\u00dfen Ganzen mit ganz anderen Augen anschauen.<br \/>\nEarthwalks stellt \u00dcbungen vor, die man beim Gehen macht \u2013 w\u00e4hrend einer bewusst geplanten Wanderung durch die Natur.<\/p>\n<p><img loading=\"lazy\" decoding=\"async\" class=\"aligncenter size-full wp-image-480\" src=\"https:\/\/www.animalwalk.eu\/wp-content\/uploads\/2018\/03\/lama-neonato-acqui-terme.jpg\" alt=\"Pet teraphy Monferrato. Lama neonato\" width=\"500\" height=\"281\"><\/p>\n<p>Es geht darum, Wahrnehmung, Aufmerksamkeit und Bewusstsein auf bestimmte Aspekte zu konzentrieren, um gleichsam spiegelbildlich das eigene Leben, die eigene innere Natur zu erkennen.<br \/>\nDie Earthwalks sollen die Sinne sensibilisieren und Raum f\u00fcr neue Erfahrungen schaffen \u2013 sie sind eine inspirierende Unterweisung f\u00fcr alle Menschen, die eine neue Dimension entdecken wollen, sich durchs Leben zu bewegen.<\/p>\n<p>\u2026\u2026und das in Begleitung von Lama und Alpaka.<\/p>\n<p>Einige der Themenwanderungen bauen auf diesen Earthwalks auf, wurden aber durch die Begleitung von Tieren entsprechend modifiziert und abgewandelt.<\/p>\n<p>Literatur:<br \/>\nJames Endredy (2004): Earthwalks f\u00fcr K\u00f6rper und Seele, 2004,<br \/>\nStuttgart.<\/p>\n","protected":false},"excerpt":{"rendered":"<p>Themenwanderungen Die Aspekte Gehen ist die uns verliehene authentischte Art der Bewegung, ein Ausdruck unsere Lebens und eine M\u00f6glichkeit, Erfahrungen mit Orten der Erde und den Wundern der Natur zu machen. Durch das Gehen k\u00f6nnen wir, in tiefer Verbindung mit allem, was uns umgibt, unser Leben und unseren Platz im Gro\u00dfen Ganzen mit andere Augen [&hellip;]<\/p>\n","protected":false},"author":2,"featured_media":0,"parent":0,"menu_order":2,"comment_status":"open","ping_status":"closed","template":"","meta":{"footnotes":""},"class_list":["post-7","page","type-page","status-publish","hentry"],"yoast_head":"<!-- This site is optimized with the Yoast SEO plugin v26.6 - https:\/\/yoast.com\/wordpress\/plugins\/seo\/ -->\n<title>Themenwanderungen mit Lama und Alpaka<\/title>\n<meta name=\"description\" content=\"Earthwalks \u2013 mit der Erde gehen Gehen ist die uns verliehene authentischste Art der Bewegung, ein Ausdruck unseres Lebens und eine M\u00f6glichkeit, Erfahrungen mit Orten der Erde und den Wundern der Natur zu machen. Durch das Gehen k\u00f6nnen wir, in tiefer Verbindung mit allem, was uns umgibt, unser Leben und unseren Platz im Gro\u00dfen Ganzen mit ganz anderen Augen anschauen. Earthwalks stellt \u00dcbungen vor, die man beim Gehen macht \u2013 w\u00e4hrend einer bewusst geplanten Wanderung durch die Natur.\" \/>\n<meta name=\"robots\" content=\"index, follow, max-snippet:-1, max-image-preview:large, max-video-preview:-1\" \/>\n<link rel=\"canonical\" href=\"https:\/\/www.animalwalk.eu\/de\/themenwanderung\/\" \/>\n<meta property=\"og:locale\" content=\"de_DE\" \/>\n<meta property=\"og:type\" content=\"article\" \/>\n<meta property=\"og:title\" content=\"Themenwanderungen mit Lama und Alpaka\" \/>\n<meta property=\"og:description\" content=\"Earthwalks \u2013 mit der Erde gehen Gehen ist die uns verliehene authentischste Art der Bewegung, ein Ausdruck unseres Lebens und eine M\u00f6glichkeit, Erfahrungen mit Orten der Erde und den Wundern der Natur zu machen. Durch das Gehen k\u00f6nnen wir, in tiefer Verbindung mit allem, was uns umgibt, unser Leben und unseren Platz im Gro\u00dfen Ganzen mit ganz anderen Augen anschauen. Earthwalks stellt \u00dcbungen vor, die man beim Gehen macht \u2013 w\u00e4hrend einer bewusst geplanten Wanderung durch die Natur.\" \/>\n<meta property=\"og:url\" content=\"https:\/\/www.animalwalk.eu\/de\/themenwanderung\/\" \/>\n<meta property=\"og:site_name\" content=\"ASD Animal Walk\" \/>\n<meta property=\"article:modified_time\" content=\"2018-03-22T08:31:24+00:00\" \/>\n<meta property=\"og:image\" content=\"https:\/\/www.animalwalk.eu\/wp-content\/uploads\/2018\/03\/camminate-con-lama-alpaca-acqui-terme-bambini-ragazzi.jpg\" \/>\n<meta name=\"twitter:card\" content=\"summary_large_image\" \/>\n<meta name=\"twitter:label1\" content=\"Gesch\u00e4tzte Lesezeit\" \/>\n\t<meta name=\"twitter:data1\" content=\"2\u00a0Minuten\" \/>\n<script type=\"application\/ld+json\" class=\"yoast-schema-graph\">{\"@context\":\"https:\/\/schema.org\",\"@graph\":[{\"@type\":\"WebPage\",\"@id\":\"https:\/\/www.animalwalk.eu\/de\/themenwanderung\/\",\"url\":\"https:\/\/www.animalwalk.eu\/de\/themenwanderung\/\",\"name\":\"Themenwanderungen mit Lama und Alpaka\",\"isPartOf\":{\"@id\":\"https:\/\/www.animalwalk.eu\/de\/#website\"},\"primaryImageOfPage\":{\"@id\":\"https:\/\/www.animalwalk.eu\/de\/themenwanderung\/#primaryimage\"},\"image\":{\"@id\":\"https:\/\/www.animalwalk.eu\/de\/themenwanderung\/#primaryimage\"},\"thumbnailUrl\":\"https:\/\/www.animalwalk.eu\/wp-content\/uploads\/2018\/03\/camminate-con-lama-alpaca-acqui-terme-bambini-ragazzi.jpg\",\"datePublished\":\"2013-03-14T13:43:54+00:00\",\"dateModified\":\"2018-03-22T08:31:24+00:00\",\"description\":\"Earthwalks \u2013 mit der Erde gehen Gehen ist die uns verliehene authentischste Art der Bewegung, ein Ausdruck unseres Lebens und eine M\u00f6glichkeit, Erfahrungen mit Orten der Erde und den Wundern der Natur zu machen. Durch das Gehen k\u00f6nnen wir, in tiefer Verbindung mit allem, was uns umgibt, unser Leben und unseren Platz im Gro\u00dfen Ganzen mit ganz anderen Augen anschauen. Earthwalks stellt \u00dcbungen vor, die man beim Gehen macht \u2013 w\u00e4hrend einer bewusst geplanten Wanderung durch die Natur.\",\"breadcrumb\":{\"@id\":\"https:\/\/www.animalwalk.eu\/de\/themenwanderung\/#breadcrumb\"},\"inLanguage\":\"de\",\"potentialAction\":[{\"@type\":\"ReadAction\",\"target\":[\"https:\/\/www.animalwalk.eu\/de\/themenwanderung\/\"]}]},{\"@type\":\"ImageObject\",\"inLanguage\":\"de\",\"@id\":\"https:\/\/www.animalwalk.eu\/de\/themenwanderung\/#primaryimage\",\"url\":\"https:\/\/www.animalwalk.eu\/wp-content\/uploads\/2018\/03\/camminate-con-lama-alpaca-acqui-terme-bambini-ragazzi.jpg\",\"contentUrl\":\"https:\/\/www.animalwalk.eu\/wp-content\/uploads\/2018\/03\/camminate-con-lama-alpaca-acqui-terme-bambini-ragazzi.jpg\"},{\"@type\":\"BreadcrumbList\",\"@id\":\"https:\/\/www.animalwalk.eu\/de\/themenwanderung\/#breadcrumb\",\"itemListElement\":[{\"@type\":\"ListItem\",\"position\":1,\"name\":\"Startseite\",\"item\":\"https:\/\/www.animalwalk.eu\/de\/\"},{\"@type\":\"ListItem\",\"position\":2,\"name\":\"&raquo; Themenwanderung\"}]},{\"@type\":\"WebSite\",\"@id\":\"https:\/\/www.animalwalk.eu\/de\/#website\",\"url\":\"https:\/\/www.animalwalk.eu\/de\/\",\"name\":\"ASD Animal Walk\",\"description\":\"\",\"potentialAction\":[{\"@type\":\"SearchAction\",\"target\":{\"@type\":\"EntryPoint\",\"urlTemplate\":\"https:\/\/www.animalwalk.eu\/de\/?s={search_term_string}\"},\"query-input\":{\"@type\":\"PropertyValueSpecification\",\"valueRequired\":true,\"valueName\":\"search_term_string\"}}],\"inLanguage\":\"de\"}]}<\/script>\n<!-- \/ Yoast SEO plugin. -->","yoast_head_json":{"title":"Themenwanderungen mit Lama und Alpaka","description":"Earthwalks \u2013 mit der Erde gehen Gehen ist die uns verliehene authentischste Art der Bewegung, ein Ausdruck unseres Lebens und eine M\u00f6glichkeit, Erfahrungen mit Orten der Erde und den Wundern der Natur zu machen. Durch das Gehen k\u00f6nnen wir, in tiefer Verbindung mit allem, was uns umgibt, unser Leben und unseren Platz im Gro\u00dfen Ganzen mit ganz anderen Augen anschauen. Earthwalks stellt \u00dcbungen vor, die man beim Gehen macht \u2013 w\u00e4hrend einer bewusst geplanten Wanderung durch die Natur.","robots":{"index":"index","follow":"follow","max-snippet":"max-snippet:-1","max-image-preview":"max-image-preview:large","max-video-preview":"max-video-preview:-1"},"canonical":"https:\/\/www.animalwalk.eu\/de\/themenwanderung\/","og_locale":"de_DE","og_type":"article","og_title":"Themenwanderungen mit Lama und Alpaka","og_description":"Earthwalks \u2013 mit der Erde gehen Gehen ist die uns verliehene authentischste Art der Bewegung, ein Ausdruck unseres Lebens und eine M\u00f6glichkeit, Erfahrungen mit Orten der Erde und den Wundern der Natur zu machen. Durch das Gehen k\u00f6nnen wir, in tiefer Verbindung mit allem, was uns umgibt, unser Leben und unseren Platz im Gro\u00dfen Ganzen mit ganz anderen Augen anschauen. Earthwalks stellt \u00dcbungen vor, die man beim Gehen macht \u2013 w\u00e4hrend einer bewusst geplanten Wanderung durch die Natur.","og_url":"https:\/\/www.animalwalk.eu\/de\/themenwanderung\/","og_site_name":"ASD Animal Walk","article_modified_time":"2018-03-22T08:31:24+00:00","og_image":[{"url":"https:\/\/www.animalwalk.eu\/wp-content\/uploads\/2018\/03\/camminate-con-lama-alpaca-acqui-terme-bambini-ragazzi.jpg","type":"","width":"","height":""}],"twitter_card":"summary_large_image","twitter_misc":{"Gesch\u00e4tzte Lesezeit":"2\u00a0Minuten"},"schema":{"@context":"https:\/\/schema.org","@graph":[{"@type":"WebPage","@id":"https:\/\/www.animalwalk.eu\/de\/themenwanderung\/","url":"https:\/\/www.animalwalk.eu\/de\/themenwanderung\/","name":"Themenwanderungen mit Lama und Alpaka","isPartOf":{"@id":"https:\/\/www.animalwalk.eu\/de\/#website"},"primaryImageOfPage":{"@id":"https:\/\/www.animalwalk.eu\/de\/themenwanderung\/#primaryimage"},"image":{"@id":"https:\/\/www.animalwalk.eu\/de\/themenwanderung\/#primaryimage"},"thumbnailUrl":"https:\/\/www.animalwalk.eu\/wp-content\/uploads\/2018\/03\/camminate-con-lama-alpaca-acqui-terme-bambini-ragazzi.jpg","datePublished":"2013-03-14T13:43:54+00:00","dateModified":"2018-03-22T08:31:24+00:00","description":"Earthwalks \u2013 mit der Erde gehen Gehen ist die uns verliehene authentischste Art der Bewegung, ein Ausdruck unseres Lebens und eine M\u00f6glichkeit, Erfahrungen mit Orten der Erde und den Wundern der Natur zu machen. Durch das Gehen k\u00f6nnen wir, in tiefer Verbindung mit allem, was uns umgibt, unser Leben und unseren Platz im Gro\u00dfen Ganzen mit ganz anderen Augen anschauen. Earthwalks stellt \u00dcbungen vor, die man beim Gehen macht \u2013 w\u00e4hrend einer bewusst geplanten Wanderung durch die Natur.","breadcrumb":{"@id":"https:\/\/www.animalwalk.eu\/de\/themenwanderung\/#breadcrumb"},"inLanguage":"de","potentialAction":[{"@type":"ReadAction","target":["https:\/\/www.animalwalk.eu\/de\/themenwanderung\/"]}]},{"@type":"ImageObject","inLanguage":"de","@id":"https:\/\/www.animalwalk.eu\/de\/themenwanderung\/#primaryimage","url":"https:\/\/www.animalwalk.eu\/wp-content\/uploads\/2018\/03\/camminate-con-lama-alpaca-acqui-terme-bambini-ragazzi.jpg","contentUrl":"https:\/\/www.animalwalk.eu\/wp-content\/uploads\/2018\/03\/camminate-con-lama-alpaca-acqui-terme-bambini-ragazzi.jpg"},{"@type":"BreadcrumbList","@id":"https:\/\/www.animalwalk.eu\/de\/themenwanderung\/#breadcrumb","itemListElement":[{"@type":"ListItem","position":1,"name":"Startseite","item":"https:\/\/www.animalwalk.eu\/de\/"},{"@type":"ListItem","position":2,"name":"&raquo; Themenwanderung"}]},{"@type":"WebSite","@id":"https:\/\/www.animalwalk.eu\/de\/#website","url":"https:\/\/www.animalwalk.eu\/de\/","name":"ASD Animal Walk","description":"","potentialAction":[{"@type":"SearchAction","target":{"@type":"EntryPoint","urlTemplate":"https:\/\/www.animalwalk.eu\/de\/?s={search_term_string}"},"query-input":{"@type":"PropertyValueSpecification","valueRequired":true,"valueName":"search_term_string"}}],"inLanguage":"de"}]}},"_links":{"self":[{"href":"https:\/\/www.animalwalk.eu\/de\/wp-json\/wp\/v2\/pages\/7","targetHints":{"allow":["GET"]}}],"collection":[{"href":"https:\/\/www.animalwalk.eu\/de\/wp-json\/wp\/v2\/pages"}],"about":[{"href":"https:\/\/www.animalwalk.eu\/de\/wp-json\/wp\/v2\/types\/page"}],"author":[{"embeddable":true,"href":"https:\/\/www.animalwalk.eu\/de\/wp-json\/wp\/v2\/users\/2"}],"replies":[{"embeddable":true,"href":"https:\/\/www.animalwalk.eu\/de\/wp-json\/wp\/v2\/comments?post=7"}],"version-history":[{"count":37,"href":"https:\/\/www.animalwalk.eu\/de\/wp-json\/wp\/v2\/pages\/7\/revisions"}],"predecessor-version":[{"id":384,"href":"https:\/\/www.animalwalk.eu\/de\/wp-json\/wp\/v2\/pages\/7\/revisions\/384"}],"wp:attachment":[{"href":"https:\/\/www.animalwalk.eu\/de\/wp-json\/wp\/v2\/media?parent=7"}],"curies":[{"name":"wp","href":"https:\/\/api.w.org\/{rel}","templated":true}]}}